{"id":727,"date":"2024-11-12T09:25:51","date_gmt":"2024-11-12T08:25:51","guid":{"rendered":"https:\/\/www.le3querce.com\/?page_id=727"},"modified":"2025-01-31T18:48:36","modified_gmt":"2025-01-31T17:48:36","slug":"campi-estivi","status":"publish","type":"page","link":"https:\/\/www.le3querce.com\/?page_id=727","title":{"rendered":"Campi estivi"},"content":{"rendered":"\n<p><strong>CAMPI ESTIVI 2024<\/strong><strong>&nbsp;presso il Circolo Ippico Le 3 Querce<\/strong><\/p>\n\n\n\n<p>Ogni anno, dalla fine della scuola, l&#8217;ASD Le 3 Querce organizza un &nbsp;centro<strong>&nbsp; per ragazzi dai &nbsp;6 anni in su.<\/strong><\/p>\n\n\n\n<p><strong>Nell&#8217;ambito del campo estivo i ragazzi hanno la possibilit\u00e0 di seguire diverse attivit\u00e0 ludico-ricreative e di affinare ancora le loro abilit\u00e0 equestri seguendo regolarmente lezioni di equitazione pratiche e teoriche.<\/strong><\/p>\n\n\n\n<div class=\"wp-block-columns is-layout-flex wp-container-core-columns-is-layout-9d6595d7 wp-block-columns-is-layout-flex\">\n<div class=\"wp-block-column is-layout-flow wp-block-column-is-layout-flow\"><div class=\"wp-block-image\">\n<figure class=\"aligncenter size-large\"><img fetchpriority=\"high\" decoding=\"async\" width=\"1024\" height=\"682\" src=\"https:\/\/www.le3querce.com\/wp-content\/uploads\/2024\/11\/campi-estivi-1-1024x682.jpg\" alt=\"\" class=\"wp-image-728\" srcset=\"https:\/\/www.le3querce.com\/wp-content\/uploads\/2024\/11\/campi-estivi-1-1024x682.jpg 1024w, https:\/\/www.le3querce.com\/wp-content\/uploads\/2024\/11\/campi-estivi-1-300x200.jpg 300w, https:\/\/www.le3querce.com\/wp-content\/uploads\/2024\/11\/campi-estivi-1-768x512.jpg 768w, https:\/\/www.le3querce.com\/wp-content\/uploads\/2024\/11\/campi-estivi-1.jpg 1280w\" sizes=\"(max-width: 1024px) 100vw, 1024px\" \/><\/figure>\n<\/div><\/div>\n\n\n\n<div class=\"wp-block-column is-layout-flow wp-block-column-is-layout-flow\"><div class=\"wp-block-image\">\n<figure class=\"aligncenter size-large is-resized\"><img decoding=\"async\" width=\"1024\" height=\"744\" src=\"https:\/\/www.le3querce.com\/wp-content\/uploads\/2024\/11\/campi-estivi-2-1024x744.jpg\" alt=\"\" class=\"wp-image-729\" style=\"width:358px;height:auto\" srcset=\"https:\/\/www.le3querce.com\/wp-content\/uploads\/2024\/11\/campi-estivi-2-1024x744.jpg 1024w, https:\/\/www.le3querce.com\/wp-content\/uploads\/2024\/11\/campi-estivi-2-300x218.jpg 300w, https:\/\/www.le3querce.com\/wp-content\/uploads\/2024\/11\/campi-estivi-2-768x558.jpg 768w, https:\/\/www.le3querce.com\/wp-content\/uploads\/2024\/11\/campi-estivi-2-1536x1116.jpg 1536w, https:\/\/www.le3querce.com\/wp-content\/uploads\/2024\/11\/campi-estivi-2.jpg 1600w\" sizes=\"(max-width: 1024px) 100vw, 1024px\" \/><\/figure>\n<\/div><\/div>\n\n\n\n<div class=\"wp-block-column is-layout-flow wp-block-column-is-layout-flow\"><div class=\"wp-block-image\">\n<figure class=\"aligncenter size-large\"><img decoding=\"async\" width=\"1024\" height=\"682\" src=\"https:\/\/www.le3querce.com\/wp-content\/uploads\/2024\/11\/campi-estivi-3-1024x682.jpg\" alt=\"\" class=\"wp-image-730\" srcset=\"https:\/\/www.le3querce.com\/wp-content\/uploads\/2024\/11\/campi-estivi-3-1024x682.jpg 1024w, https:\/\/www.le3querce.com\/wp-content\/uploads\/2024\/11\/campi-estivi-3-300x200.jpg 300w, https:\/\/www.le3querce.com\/wp-content\/uploads\/2024\/11\/campi-estivi-3-768x512.jpg 768w, https:\/\/www.le3querce.com\/wp-content\/uploads\/2024\/11\/campi-estivi-3.jpg 1280w\" sizes=\"(max-width: 1024px) 100vw, 1024px\" \/><\/figure>\n<\/div><\/div>\n<\/div>\n\n\n\n<p>Le settimane sono organizzate su temi differenti, basandosi su uno schema giornaliero scandito dalle attivit\u00e0 equestri.<\/p>\n\n\n\n<p><strong>Apri il seguente link per scaricare il Programm del centro estivo al Circolo Ippico Le 3 Querce:<\/strong><\/p>\n\n\n\n<p><\/p>\n","protected":false},"excerpt":{"rendered":"<p>CAMPI ESTIVI 2024&nbsp;presso il Circolo Ippico Le 3 Querce Ogni anno, dalla fine della scuola, l&#8217;ASD Le 3 Querce organizza un &nbsp;centro&nbsp; per ragazzi dai &nbsp;6 anni in su. Nell&#8217;ambito del campo estivo i ragazzi hanno la possibilit\u00e0 di seguire diverse attivit\u00e0 ludico-ricreative e di affinare ancora le loro abilit\u00e0 equestri seguendo regolarmente lezioni di&#8230;<\/p>\n","protected":false},"author":2,"featured_media":788,"parent":0,"menu_order":0,"comment_status":"closed","ping_status":"closed","template":"","meta":{"_kad_post_transparent":"","_kad_post_title":"","_kad_post_layout":"","_kad_post_sidebar_id":"","_kad_post_content_style":"","_kad_post_vertical_padding":"","_kad_post_feature":"","_kad_post_feature_position":"","_kad_post_header":false,"_kad_post_footer":false,"footnotes":""},"class_list":["post-727","page","type-page","status-publish","has-post-thumbnail","hentry"],"yoast_head":"<!-- This site is optimized with the Yoast SEO plugin v25.3 - https:\/\/yoast.com\/wordpress\/plugins\/seo\/ -->\n<title>Campi estivi - Le 3 Querce a.s.d<\/title>\n<meta name=\"robots\" content=\"index, follow, max-snippet:-1, max-image-preview:large, max-video-preview:-1\" \/>\n<link rel=\"canonical\" href=\"https:\/\/www.le3querce.com\/?page_id=727\" \/>\n<meta property=\"og:locale\" content=\"it_IT\" \/>\n<meta property=\"og:type\" content=\"article\" \/>\n<meta property=\"og:title\" content=\"Campi estivi - Le 3 Querce a.s.d\" \/>\n<meta property=\"og:description\" content=\"CAMPI ESTIVI 2024&nbsp;presso il Circolo Ippico Le 3 Querce Ogni anno, dalla fine della scuola, l&#8217;ASD Le 3 Querce organizza un &nbsp;centro&nbsp; per ragazzi dai &nbsp;6 anni in su. Nell&#8217;ambito del campo estivo i ragazzi hanno la possibilit\u00e0 di seguire diverse attivit\u00e0 ludico-ricreative e di affinare ancora le loro abilit\u00e0 equestri seguendo regolarmente lezioni di...\" \/>\n<meta property=\"og:url\" content=\"https:\/\/www.le3querce.com\/?page_id=727\" \/>\n<meta property=\"og:site_name\" content=\"Le 3 Querce a.s.d\" \/>\n<meta property=\"article:modified_time\" content=\"2025-01-31T17:48:36+00:00\" \/>\n<meta property=\"og:image\" content=\"https:\/\/www.le3querce.com\/wp-content\/uploads\/2024\/11\/cross_gruppo.jpg\" \/>\n\t<meta property=\"og:image:width\" content=\"1600\" \/>\n\t<meta property=\"og:image:height\" content=\"1066\" \/>\n\t<meta property=\"og:image:type\" content=\"image\/jpeg\" \/>\n<meta name=\"twitter:card\" content=\"summary_large_image\" \/>\n<script type=\"application\/ld+json\" class=\"yoast-schema-graph\">{\"@context\":\"https:\/\/schema.org\",\"@graph\":[{\"@type\":\"WebPage\",\"@id\":\"https:\/\/www.le3querce.com\/?page_id=727\",\"url\":\"https:\/\/www.le3querce.com\/?page_id=727\",\"name\":\"Campi estivi - Le 3 Querce a.s.d\",\"isPartOf\":{\"@id\":\"https:\/\/www.le3querce.com\/#website\"},\"primaryImageOfPage\":{\"@id\":\"https:\/\/www.le3querce.com\/?page_id=727#primaryimage\"},\"image\":{\"@id\":\"https:\/\/www.le3querce.com\/?page_id=727#primaryimage\"},\"thumbnailUrl\":\"https:\/\/www.le3querce.com\/wp-content\/uploads\/2024\/11\/cross_gruppo.jpg\",\"datePublished\":\"2024-11-12T08:25:51+00:00\",\"dateModified\":\"2025-01-31T17:48:36+00:00\",\"breadcrumb\":{\"@id\":\"https:\/\/www.le3querce.com\/?page_id=727#breadcrumb\"},\"inLanguage\":\"it-IT\",\"potentialAction\":[{\"@type\":\"ReadAction\",\"target\":[\"https:\/\/www.le3querce.com\/?page_id=727\"]}]},{\"@type\":\"ImageObject\",\"inLanguage\":\"it-IT\",\"@id\":\"https:\/\/www.le3querce.com\/?page_id=727#primaryimage\",\"url\":\"https:\/\/www.le3querce.com\/wp-content\/uploads\/2024\/11\/cross_gruppo.jpg\",\"contentUrl\":\"https:\/\/www.le3querce.com\/wp-content\/uploads\/2024\/11\/cross_gruppo.jpg\",\"width\":1600,\"height\":1066},{\"@type\":\"BreadcrumbList\",\"@id\":\"https:\/\/www.le3querce.com\/?page_id=727#breadcrumb\",\"itemListElement\":[{\"@type\":\"ListItem\",\"position\":1,\"name\":\"Home\",\"item\":\"https:\/\/www.le3querce.com\/\"},{\"@type\":\"ListItem\",\"position\":2,\"name\":\"Campi estivi\"}]},{\"@type\":\"WebSite\",\"@id\":\"https:\/\/www.le3querce.com\/#website\",\"url\":\"https:\/\/www.le3querce.com\/\",\"name\":\"Le 3 Querce a.s.d\",\"description\":\"Circolo Ippico - Maneggio a Sedime - San Carlo Canavese\",\"potentialAction\":[{\"@type\":\"SearchAction\",\"target\":{\"@type\":\"EntryPoint\",\"urlTemplate\":\"https:\/\/www.le3querce.com\/?s={search_term_string}\"},\"query-input\":{\"@type\":\"PropertyValueSpecification\",\"valueRequired\":true,\"valueName\":\"search_term_string\"}}],\"inLanguage\":\"it-IT\"}]}<\/script>\n<!-- \/ Yoast SEO plugin. -->","yoast_head_json":{"title":"Campi estivi - Le 3 Querce a.s.d","robots":{"index":"index","follow":"follow","max-snippet":"max-snippet:-1","max-image-preview":"max-image-preview:large","max-video-preview":"max-video-preview:-1"},"canonical":"https:\/\/www.le3querce.com\/?page_id=727","og_locale":"it_IT","og_type":"article","og_title":"Campi estivi - Le 3 Querce a.s.d","og_description":"CAMPI ESTIVI 2024&nbsp;presso il Circolo Ippico Le 3 Querce Ogni anno, dalla fine della scuola, l&#8217;ASD Le 3 Querce organizza un &nbsp;centro&nbsp; per ragazzi dai &nbsp;6 anni in su. Nell&#8217;ambito del campo estivo i ragazzi hanno la possibilit\u00e0 di seguire diverse attivit\u00e0 ludico-ricreative e di affinare ancora le loro abilit\u00e0 equestri seguendo regolarmente lezioni di...","og_url":"https:\/\/www.le3querce.com\/?page_id=727","og_site_name":"Le 3 Querce a.s.d","article_modified_time":"2025-01-31T17:48:36+00:00","og_image":[{"width":1600,"height":1066,"url":"https:\/\/www.le3querce.com\/wp-content\/uploads\/2024\/11\/cross_gruppo.jpg","type":"image\/jpeg"}],"twitter_card":"summary_large_image","schema":{"@context":"https:\/\/schema.org","@graph":[{"@type":"WebPage","@id":"https:\/\/www.le3querce.com\/?page_id=727","url":"https:\/\/www.le3querce.com\/?page_id=727","name":"Campi estivi - Le 3 Querce a.s.d","isPartOf":{"@id":"https:\/\/www.le3querce.com\/#website"},"primaryImageOfPage":{"@id":"https:\/\/www.le3querce.com\/?page_id=727#primaryimage"},"image":{"@id":"https:\/\/www.le3querce.com\/?page_id=727#primaryimage"},"thumbnailUrl":"https:\/\/www.le3querce.com\/wp-content\/uploads\/2024\/11\/cross_gruppo.jpg","datePublished":"2024-11-12T08:25:51+00:00","dateModified":"2025-01-31T17:48:36+00:00","breadcrumb":{"@id":"https:\/\/www.le3querce.com\/?page_id=727#breadcrumb"},"inLanguage":"it-IT","potentialAction":[{"@type":"ReadAction","target":["https:\/\/www.le3querce.com\/?page_id=727"]}]},{"@type":"ImageObject","inLanguage":"it-IT","@id":"https:\/\/www.le3querce.com\/?page_id=727#primaryimage","url":"https:\/\/www.le3querce.com\/wp-content\/uploads\/2024\/11\/cross_gruppo.jpg","contentUrl":"https:\/\/www.le3querce.com\/wp-content\/uploads\/2024\/11\/cross_gruppo.jpg","width":1600,"height":1066},{"@type":"BreadcrumbList","@id":"https:\/\/www.le3querce.com\/?page_id=727#breadcrumb","itemListElement":[{"@type":"ListItem","position":1,"name":"Home","item":"https:\/\/www.le3querce.com\/"},{"@type":"ListItem","position":2,"name":"Campi estivi"}]},{"@type":"WebSite","@id":"https:\/\/www.le3querce.com\/#website","url":"https:\/\/www.le3querce.com\/","name":"Le 3 Querce a.s.d","description":"Circolo Ippico - Maneggio a Sedime - San Carlo Canavese","potentialAction":[{"@type":"SearchAction","target":{"@type":"EntryPoint","urlTemplate":"https:\/\/www.le3querce.com\/?s={search_term_string}"},"query-input":{"@type":"PropertyValueSpecification","valueRequired":true,"valueName":"search_term_string"}}],"inLanguage":"it-IT"}]}},"_links":{"self":[{"href":"https:\/\/www.le3querce.com\/index.php?rest_route=\/wp\/v2\/pages\/727","targetHints":{"allow":["GET"]}}],"collection":[{"href":"https:\/\/www.le3querce.com\/index.php?rest_route=\/wp\/v2\/pages"}],"about":[{"href":"https:\/\/www.le3querce.com\/index.php?rest_route=\/wp\/v2\/types\/page"}],"author":[{"embeddable":true,"href":"https:\/\/www.le3querce.com\/index.php?rest_route=\/wp\/v2\/users\/2"}],"replies":[{"embeddable":true,"href":"https:\/\/www.le3querce.com\/index.php?rest_route=%2Fwp%2Fv2%2Fcomments&post=727"}],"version-history":[{"count":2,"href":"https:\/\/www.le3querce.com\/index.php?rest_route=\/wp\/v2\/pages\/727\/revisions"}],"predecessor-version":[{"id":1239,"href":"https:\/\/www.le3querce.com\/index.php?rest_route=\/wp\/v2\/pages\/727\/revisions\/1239"}],"wp:featuredmedia":[{"embeddable":true,"href":"https:\/\/www.le3querce.com\/index.php?rest_route=\/wp\/v2\/media\/788"}],"wp:attachment":[{"href":"https:\/\/www.le3querce.com\/index.php?rest_route=%2Fwp%2Fv2%2Fmedia&parent=727"}],"curies":[{"name":"wp","href":"https:\/\/api.w.org\/{rel}","templated":true}]}}